{"id":10,"date":"2022-01-13T11:18:48","date_gmt":"2022-01-13T10:18:48","guid":{"rendered":"https:\/\/bazar.hamondgroup.eu\/?page_id=10"},"modified":"2022-01-13T11:18:48","modified_gmt":"2022-01-13T10:18:48","slug":"o-stranke","status":"publish","type":"page","link":"https:\/\/bazar.hamondgroup.eu\/?page_id=10","title":{"rendered":"O str\u00e1nke"},"content":{"rendered":"\n<p>M\u00f4\u017eete by\u0165 umelec, ktor\u00fd r\u00e1d predstav\u00ed seba a svoju pr\u00e1cu alebo ste firma s misiou na op\u00edsanie. <\/p>\n","protected":false},"excerpt":{"rendered":"<p>M\u00f4\u017eete by\u0165 umelec, ktor\u00fd r\u00e1d predstav\u00ed seba a svoju pr\u00e1cu alebo ste firma s misiou na op\u00edsanie.<\/p>\n","protected":false},"author":1,"featured_media":0,"parent":0,"menu_order":0,"comment_status":"closed","ping_status":"closed","template":"","meta":{"footnotes":""},"class_list":["post-10","page","type-page","status-publish","hentry"],"_links":{"self":[{"href":"https:\/\/bazar.hamondgroup.eu\/index.php?rest_route=\/wp\/v2\/pages\/10","targetHints":{"allow":["GET"]}}],"collection":[{"href":"https:\/\/bazar.hamondgroup.eu\/index.php?rest_route=\/wp\/v2\/pages"}],"about":[{"href":"https:\/\/bazar.hamondgroup.eu\/index.php?rest_route=\/wp\/v2\/types\/page"}],"author":[{"embeddable":true,"href":"https:\/\/bazar.hamondgroup.eu\/index.php?rest_route=\/wp\/v2\/users\/1"}],"replies":[{"embeddable":true,"href":"https:\/\/bazar.hamondgroup.eu\/index.php?rest_route=%2Fwp%2Fv2%2Fcomments&post=10"}],"version-history":[{"count":1,"href":"https:\/\/bazar.hamondgroup.eu\/index.php?rest_route=\/wp\/v2\/pages\/10\/revisions"}],"predecessor-version":[{"id":17,"href":"https:\/\/bazar.hamondgroup.eu\/index.php?rest_route=\/wp\/v2\/pages\/10\/revisions\/17"}],"wp:attachment":[{"href":"https:\/\/bazar.hamondgroup.eu\/index.php?rest_route=%2Fwp%2Fv2%2Fmedia&parent=10"}],"curies":[{"name":"wp","href":"https:\/\/api.w.org\/{rel}","templated":true}]}}