{"id":11,"date":"2022-01-13T11:18:48","date_gmt":"2022-01-13T10:18:48","guid":{"rendered":"https:\/\/bazar.hamondgroup.eu\/?page_id=11"},"modified":"2022-01-13T11:18:48","modified_gmt":"2022-01-13T10:18:48","slug":"kontakt","status":"publish","type":"page","link":"https:\/\/bazar.hamondgroup.eu\/?page_id=11","title":{"rendered":"Kontakt"},"content":{"rendered":"\n<p>Toto je str\u00e1nka so z\u00e1kladn\u00fdmi kontakn\u00fdmi inform\u00e1ciami, ako napr\u00edklad adresa a telef\u00f3nne \u010d\u00edslo. Takisto m\u00f4\u017eete sk\u00fasi\u0165 prida\u0165 kontaktn\u00fd formul\u00e1r prostredn\u00edctvom pluginu.<\/p>\n","protected":false},"excerpt":{"rendered":"<p>Toto je str\u00e1nka so z\u00e1kladn\u00fdmi kontakn\u00fdmi inform\u00e1ciami, ako napr\u00edklad adresa a telef\u00f3nne \u010d\u00edslo. Takisto m\u00f4\u017eete sk\u00fasi\u0165 prida\u0165 kontaktn\u00fd formul\u00e1r prostredn\u00edctvom pluginu.<\/p>\n","protected":false},"author":1,"featured_media":0,"parent":0,"menu_order":0,"comment_status":"closed","ping_status":"closed","template":"","meta":{"footnotes":""},"class_list":["post-11","page","type-page","status-publish","hentry"],"_links":{"self":[{"href":"https:\/\/bazar.hamondgroup.eu\/index.php?rest_route=\/wp\/v2\/pages\/11","targetHints":{"allow":["GET"]}}],"collection":[{"href":"https:\/\/bazar.hamondgroup.eu\/index.php?rest_route=\/wp\/v2\/pages"}],"about":[{"href":"https:\/\/bazar.hamondgroup.eu\/index.php?rest_route=\/wp\/v2\/types\/page"}],"author":[{"embeddable":true,"href":"https:\/\/bazar.hamondgroup.eu\/index.php?rest_route=\/wp\/v2\/users\/1"}],"replies":[{"embeddable":true,"href":"https:\/\/bazar.hamondgroup.eu\/index.php?rest_route=%2Fwp%2Fv2%2Fcomments&post=11"}],"version-history":[{"count":1,"href":"https:\/\/bazar.hamondgroup.eu\/index.php?rest_route=\/wp\/v2\/pages\/11\/revisions"}],"predecessor-version":[{"id":18,"href":"https:\/\/bazar.hamondgroup.eu\/index.php?rest_route=\/wp\/v2\/pages\/11\/revisions\/18"}],"wp:attachment":[{"href":"https:\/\/bazar.hamondgroup.eu\/index.php?rest_route=%2Fwp%2Fv2%2Fmedia&parent=11"}],"curies":[{"name":"wp","href":"https:\/\/api.w.org\/{rel}","templated":true}]}}