{"id":7,"date":"2022-01-13T11:18:48","date_gmt":"2022-01-13T10:18:48","guid":{"rendered":"https:\/\/bazar.hamondgroup.eu\/?page_id=7"},"modified":"2022-01-13T11:18:48","modified_gmt":"2022-01-13T10:18:48","slug":"uvodna-stranka","status":"publish","type":"page","link":"https:\/\/bazar.hamondgroup.eu\/","title":{"rendered":"\u00davodn\u00e1 str\u00e1nka"},"content":{"rendered":"\n<p>Vitajte na va\u0161ej webovej str\u00e1nke! Toto je va\u0161a domovsk\u00e1 str\u00e1nka. Zobraz\u00ed sa v\u00e4\u010d\u0161ine n\u00e1v\u0161tevn\u00edkov, ktor\u00ed pr\u00eddu na va\u0161u webov\u00fa str\u00e1nku po prv\u00fdkr\u00e1t.<\/p>\n","protected":false},"excerpt":{"rendered":"<p>Vitajte na va\u0161ej webovej str\u00e1nke! Toto je va\u0161a domovsk\u00e1 str\u00e1nka. Zobraz\u00ed sa v\u00e4\u010d\u0161ine n\u00e1v\u0161tevn\u00edkov, ktor\u00ed pr\u00eddu na va\u0161u webov\u00fa str\u00e1nku po prv\u00fdkr\u00e1t.<\/p>\n","protected":false},"author":1,"featured_media":0,"parent":0,"menu_order":0,"comment_status":"closed","ping_status":"closed","template":"","meta":{"footnotes":""},"class_list":["post-7","page","type-page","status-publish","hentry"],"_links":{"self":[{"href":"https:\/\/bazar.hamondgroup.eu\/index.php?rest_route=\/wp\/v2\/pages\/7","targetHints":{"allow":["GET"]}}],"collection":[{"href":"https:\/\/bazar.hamondgroup.eu\/index.php?rest_route=\/wp\/v2\/pages"}],"about":[{"href":"https:\/\/bazar.hamondgroup.eu\/index.php?rest_route=\/wp\/v2\/types\/page"}],"author":[{"embeddable":true,"href":"https:\/\/bazar.hamondgroup.eu\/index.php?rest_route=\/wp\/v2\/users\/1"}],"replies":[{"embeddable":true,"href":"https:\/\/bazar.hamondgroup.eu\/index.php?rest_route=%2Fwp%2Fv2%2Fcomments&post=7"}],"version-history":[{"count":1,"href":"https:\/\/bazar.hamondgroup.eu\/index.php?rest_route=\/wp\/v2\/pages\/7\/revisions"}],"predecessor-version":[{"id":14,"href":"https:\/\/bazar.hamondgroup.eu\/index.php?rest_route=\/wp\/v2\/pages\/7\/revisions\/14"}],"wp:attachment":[{"href":"https:\/\/bazar.hamondgroup.eu\/index.php?rest_route=%2Fwp%2Fv2%2Fmedia&parent=7"}],"curies":[{"name":"wp","href":"https:\/\/api.w.org\/{rel}","templated":true}]}}